{"id":2738,"date":"2023-11-01T17:00:05","date_gmt":"2023-11-01T17:00:05","guid":{"rendered":"https:\/\/klab.com.br\/?page_id=2738"},"modified":"2024-11-05T16:51:11","modified_gmt":"2024-11-05T16:51:11","slug":"cadastro_startup","status":"publish","type":"page","link":"https:\/\/klab.com.br\/?page_id=2738","title":{"rendered":"Cadastro startup"},"content":{"rendered":"\t\t<div data-elementor-type=\"wp-page\" data-elementor-id=\"2738\" class=\"elementor elementor-2738\">\n\t\t\t\t<div class=\"elementor-element elementor-element-4ea9e9e e-con-full e-flex e-con e-parent\" data-id=\"4ea9e9e\" data-element_type=\"container\" data-settings=\"{&quot;content_width&quot;:&quot;full&quot;,&quot;_ha_eqh_enable&quot;:false}\" data-core-v316-plus=\"true\">\n\t\t\t\t<div class=\"elementor-element elementor-element-c8fd1a8 elementor-widget elementor-widget-html\" data-id=\"c8fd1a8\" data-element_type=\"widget\" data-widget_type=\"html.default\">\n\t\t\t\t<div class=\"elementor-widget-container\">\n\t\t\t<html>\n<head>\n    <meta charset=\"UTF-8\">\n    <title>Cadastro de startups<\/title>\n    <style>\n        body {\n            font-family: Arial, sans-serif;\n        }\n        .container {\n            width: 60%;\n            margin: 0 auto;\n        }\n        h1,h3, h5 {\n            text-align: center;\n        }\n        form {\n            margin-top: 20px;\n        }\n        label {\n            display: block;\n            margin-top: 10px;\n        }\n        input, textarea, select {\n            width: 100%;\n            padding: 10px;\n            margin-top: 5px;\n        }\n        button {\n            padding: 10px 20px;\n            background-color: #007BFF;\n            color: #fff;\n            border: none;\n            cursor: pointer;\n        }\n    <\/style>\n<\/head>\n<body>\n    <div class=\"container\">\n        <h1>Cadastre sua startup<\/h1>\n        <br>\n        <h3>Buscamos parceiros para nos ajudar a resolver problemas reais de mercado.<\/h3>\n        <br>\n        <h5>Atuamos com startups que fornecem solu\u00e7\u00f5es para as verticais de retailtech e fintech. Existindo sinergia com nossas demandas, podemos iniciar contato para conhecer melhor sua solu\u00e7\u00e3o e utiliz\u00e1-la em nosso ambiente.<\/h5>\n        <form action=\"https:\/\/script.google.com\/a\/macros\/klab.com.br\/s\/AKfycbw1mdKxSucnfO43IPK3XwL5hy26gVyZS6m_lE-5WP6uhz616oyQaJJlVoKgGlp2RU1MxA\/exec\" method=\"post\">\n            <label for=\"nome-contato\">Seu nome<\/label>\n            <input type=\"text\" id=\"nome-contato\" name=\"nome-contato\" required>\n\n            <label for=\"email-contato\">E-mail<\/label>\n            <input type=\"email\" id=\"email-contato\" name=\"email-contato\" required>\n\n            <label for=\"nome-startup\">Nome da Startup<\/label>\n            <input type=\"text\" id=\"nome-startup\" name=\"nome-startup\" required>\n            \n            <label for=\"site-startup\">Site da sua startup<\/label>\n            <input type=\"text\" id=\"site-startup\" name=\"site-startup\" required>\n\n            <label for=\"cidade\">Cidade<\/label>\n            <input type=\"text\" id=\"cidade\" name=\"cidade\" required>\n\n            <label for=\"estado\">Estado<\/label>\n            <select id=\"estado\" name=\"estado\" required>\n                <option value=\"\">Selecione o estado<\/option>\n                <option value=\"AC\">Acre<\/option>\n                <option value=\"AL\">Alagoas<\/option>\n                <option value=\"AP\">Amap\u00e1<\/option>\n                <option value=\"AM\">Amazonas<\/option>\n                <option value=\"BA\">Bahia<\/option>\n                <option value=\"CE\">Cear\u00e1<\/option>\n                <option value=\"ES\">Esp\u00edrito Santo<\/option>\n                <option value=\"GO\">Goi\u00e1s<\/option>\n                <option value=\"MA\">Maranh\u00e3o<\/option>\n                <option value=\"MT\">Mato grosso<\/option>\n                <option value=\"MS\">Mato Grosso do Sul<\/option>\n                <option value=\"MG\">Minas Gerais<\/option>\n                <option value=\"PA\">Par\u00e1<\/option>\n                <option value=\"PB\">Para\u00edba<\/option>\n                <option value=\"PR\">Paran\u00e1<\/option>\n                <option value=\"PE\">Pernambuco<\/option>\n                <option value=\"PI\">Piau\u00ed<\/option>\n                <option value=\"RJ\">Rio de Janeiro<\/option>\n                <option value=\"RN\">Rio Grande do Norte<\/option>\n                <option value=\"RS\">Rio Grande do Sul<\/option>\n                <option value=\"RO\">Rond\u00f4nia<\/option>\n                <option value=\"RR\">Roraima<\/option>\n                <option value=\"SC\">Santa Catarina<\/option>\n                <option value=\"SP\">S\u00e3o Paulo<\/option>\n                <option value=\"SE\">Sergipe<\/option>\n                <option value=\"TO\">Tocantins<\/option>\n                <option value=\"DF\">Distrito Federal<\/option>\n            <\/select>\n\n            <label for=\"modelo-de-negocio\">Qual seu modelo de neg\u00f3cio<\/label>\n            <select id=\"modelo-de-negocio\" name=\"modelo-de-negocio\" required>\n                <option value=\"\">Selecione<\/option>\n                <option value=\"B2B\">B2B<\/option>\n                <option value=\"B2C\">B2C<\/option>\n                <option value=\"B2B2C\">B2B2C<\/option>\n            <\/select>\n                \n\n            <label for=\"ano-fundacao\">Ano de Funda\u00e7\u00e3o da startup<\/label>\n            <input type=\"number\" id=\"ano-fundacao\" name=\"ano-fundacao\" required>\n\n            <label for=\"descricao-solucao\">Descri\u00e7\u00e3o da Solu\u00e7\u00e3o<\/label>\n            <textarea id=\"descricao-solucao\" name=\"descricao-solucao\" required><\/textarea>\n\n            <label for=\"concorrentes\">Principais Concorrentes<\/label>\n            <textarea id=\"concorrentes\" name=\"concorrentes\" required><\/textarea>\n\n            <label for=\"diferenciais\">Diferenciais<\/label>\n            <textarea id=\"diferenciais\" name=\"diferenciais\" required><\/textarea>\n\n            <label for=\"clientes\">Quantidade de Clientes<\/label>\n            <input type=\"number\" id=\"clientes\" name=\"clientes\" required>\n\n            <label for=\"mrr\">MRR (Receita Recorrente Mensal)<\/label>\n            <input type=\"number\" id=\"mrr\" name=\"mrr\" required>\n\n            <label for=\"faturamento-anual\">Faturamento no \u00daltimo Ano<\/label>\n            <input type=\"number\" id=\"faturamento-anual\" name=\"faturamento-anual\" required>\n\n            <label for=\"plano-crescimento\">Plano de Crescimento<\/label>\n            <textarea id=\"plano-crescimento\" name=\"plano-crescimento\" required><\/textarea>\n\n            <label for=\"obstaculos-solucoes\">Principais Obst\u00e1culos e Solu\u00e7\u00f5es Pensadas<\/label>\n            <textarea id=\"obstaculos-solucoes\" name=\"obstaculos-solucoes\" required><\/textarea>\n            \n            <label for=\"pitch-deck\">Insira a URL de acesso ao seu pitch deck<\/label>\n            <textarea id=\"pitch-deck\" name=\"pitch-deck\" required><\/textarea>\n            \n            <button type=\"submit\">Enviar<\/button>\n        <\/form>\n       <br>\n    <\/div>\n<\/body>\n<\/html>\t\t<\/div>\n\t\t\t\t<\/div>\n\t\t\t\t<\/div>\n\t\t\t\t<\/div>\n\t\t","protected":false},"excerpt":{"rendered":"<p>Cadastro de startups Cadastre sua startup Buscamos parceiros para nos ajudar a resolver problemas reais de mercado. Atuamos com startups que fornecem solu\u00e7\u00f5es para as verticais de retailtech e fintech. Existindo sinergia com nossas demandas, podemos iniciar contato para conhecer melhor sua solu\u00e7\u00e3o e utiliz\u00e1-la em nosso ambiente. Seu nome E-mail Nome da Startup Site&hellip; <a class=\"more-link\" href=\"https:\/\/klab.com.br\/?page_id=2738\">Continuar lendo <span class=\"screen-reader-text\">Cadastro startup<\/span><\/a><\/p>\n","protected":false},"author":1,"featured_media":0,"parent":0,"menu_order":0,"comment_status":"closed","ping_status":"closed","template":"elementor_canvas","meta":{"footnotes":""},"class_list":["post-2738","page","type-page","status-publish","hentry","entry"],"_links":{"self":[{"href":"https:\/\/klab.com.br\/index.php?rest_route=\/wp\/v2\/pages\/2738","targetHints":{"allow":["GET"]}}],"collection":[{"href":"https:\/\/klab.com.br\/index.php?rest_route=\/wp\/v2\/pages"}],"about":[{"href":"https:\/\/klab.com.br\/index.php?rest_route=\/wp\/v2\/types\/page"}],"author":[{"embeddable":true,"href":"https:\/\/klab.com.br\/index.php?rest_route=\/wp\/v2\/users\/1"}],"replies":[{"embeddable":true,"href":"https:\/\/klab.com.br\/index.php?rest_route=%2Fwp%2Fv2%2Fcomments&post=2738"}],"version-history":[{"count":172,"href":"https:\/\/klab.com.br\/index.php?rest_route=\/wp\/v2\/pages\/2738\/revisions"}],"predecessor-version":[{"id":4353,"href":"https:\/\/klab.com.br\/index.php?rest_route=\/wp\/v2\/pages\/2738\/revisions\/4353"}],"wp:attachment":[{"href":"https:\/\/klab.com.br\/index.php?rest_route=%2Fwp%2Fv2%2Fmedia&parent=2738"}],"curies":[{"name":"wp","href":"https:\/\/api.w.org\/{rel}","templated":true}]}}